{"id":146,"date":"2026-01-26T13:08:07","date_gmt":"2026-01-26T12:08:07","guid":{"rendered":"https:\/\/santi.depimtajamar.es\/?page_id=146"},"modified":"2026-02-23T13:03:39","modified_gmt":"2026-02-23T12:03:39","slug":"carrito","status":"publish","type":"page","link":"https:\/\/santi.depimtajamar.es\/index.php\/carrito\/","title":{"rendered":"Carrito"},"content":{"rendered":"\t\t<div data-elementor-type=\"wp-page\" data-elementor-id=\"146\" class=\"elementor elementor-146\">\n\t\t\t\t<div class=\"elementor-element elementor-element-8a94971 e-con-full e-flex wpr-particle-no wpr-jarallax-no wpr-parallax-no wpr-sticky-section-no e-con e-parent\" data-id=\"8a94971\" data-element_type=\"container\" data-e-type=\"container\">\n\t\t<div class=\"elementor-element elementor-element-07479a1 e-con-full e-flex wpr-particle-no wpr-jarallax-no wpr-parallax-no wpr-sticky-section-no e-con e-child\" data-id=\"07479a1\" data-element_type=\"container\" data-e-type=\"container\" data-settings=\"{&quot;background_background&quot;:&quot;classic&quot;}\">\n\t\t\t\t<div class=\"elementor-element elementor-element-cff3a15 elementor-widget__width-initial elementor-widget elementor-widget-image\" data-id=\"cff3a15\" data-element_type=\"widget\" data-e-type=\"widget\" data-widget_type=\"image.default\">\n\t\t\t\t\t\t\t\t\t\t\t\t\t\t\t\t<a href=\"https:\/\/santi.depimtajamar.es\/\">\n\t\t\t\t\t\t\t<img decoding=\"async\" width=\"300\" height=\"105\" src=\"https:\/\/santi.depimtajamar.es\/wp-content\/uploads\/2026\/01\/Sin-titulo-1-3-300x105.png\" class=\"attachment-medium size-medium wp-image-178\" alt=\"\" srcset=\"https:\/\/santi.depimtajamar.es\/wp-content\/uploads\/2026\/01\/Sin-titulo-1-3-300x105.png 300w, https:\/\/santi.depimtajamar.es\/wp-content\/uploads\/2026\/01\/Sin-titulo-1-3-scaled-600x210.png 600w, https:\/\/santi.depimtajamar.es\/wp-content\/uploads\/2026\/01\/Sin-titulo-1-3-1024x358.png 1024w, https:\/\/santi.depimtajamar.es\/wp-content\/uploads\/2026\/01\/Sin-titulo-1-3-768x269.png 768w, https:\/\/santi.depimtajamar.es\/wp-content\/uploads\/2026\/01\/Sin-titulo-1-3-1536x538.png 1536w, https:\/\/santi.depimtajamar.es\/wp-content\/uploads\/2026\/01\/Sin-titulo-1-3-2048x717.png 2048w\" sizes=\"(max-width: 300px) 100vw, 300px\" \/>\t\t\t\t\t\t\t\t<\/a>\n\t\t\t\t\t\t\t\t\t\t\t\t\t\t\t<\/div>\n\t\t<div class=\"elementor-element elementor-element-a96c0cc e-con-full e-flex wpr-particle-no wpr-jarallax-no wpr-parallax-no wpr-sticky-section-no e-con e-child\" data-id=\"a96c0cc\" data-element_type=\"container\" data-e-type=\"container\">\n\t\t\t\t<div class=\"elementor-element elementor-element-bdf9c7b elementor-widget elementor-widget-shortcode\" data-id=\"bdf9c7b\" data-element_type=\"widget\" data-e-type=\"widget\" data-widget_type=\"shortcode.default\">\n\t\t\t\t\t\t\t<div class=\"elementor-shortcode\"><div class=\"gtranslate_wrapper\" id=\"gt-wrapper-53395690\"><\/div><\/div>\n\t\t\t\t\t\t<\/div>\n\t\t\t\t<\/div>\n\t\t\t\t<div class=\"elementor-element elementor-element-a9a5377 elementor-widget__width-initial wpr-main-menu-align-center wpr-main-menu-align--tabletleft wpr-main-menu-align--mobileleft wpr-pointer-underline wpr-pointer-line-fx wpr-pointer-fx-fade wpr-sub-icon-caret-down wpr-sub-menu-fx-fade wpr-nav-menu-bp-mobile wpr-mobile-menu-full-width wpr-mobile-menu-item-align-center wpr-mobile-toggle-v1 wpr-sub-divider-yes wpr-mobile-divider-yes elementor-widget elementor-widget-wpr-nav-menu\" data-id=\"a9a5377\" data-element_type=\"widget\" data-e-type=\"widget\" data-settings=\"{&quot;menu_layout&quot;:&quot;horizontal&quot;}\" data-widget_type=\"wpr-nav-menu.default\">\n\t\t\t\t\t<nav class=\"wpr-nav-menu-container wpr-nav-menu-horizontal\" data-trigger=\"hover\"><ul id=\"menu-1-a9a5377\" class=\"wpr-nav-menu\"><li class=\"menu-item menu-item-type-post_type menu-item-object-page menu-item-home menu-item-244\"><a href=\"https:\/\/santi.depimtajamar.es\/\" class=\"wpr-menu-item wpr-pointer-item\">Inicio<\/a><\/li>\n<li class=\"menu-item menu-item-type-post_type menu-item-object-page menu-item-128\"><a href=\"https:\/\/santi.depimtajamar.es\/index.php\/sobre-nosotros\/\" class=\"wpr-menu-item wpr-pointer-item\">Sobre nosotros<\/a><\/li>\n<li class=\"menu-item menu-item-type-post_type menu-item-object-page menu-item-342\"><a href=\"https:\/\/santi.depimtajamar.es\/index.php\/contacto\/\" class=\"wpr-menu-item wpr-pointer-item\">Contacto<\/a><\/li>\n<li class=\"menu-item menu-item-type-post_type menu-item-object-page menu-item-150\"><a href=\"https:\/\/santi.depimtajamar.es\/index.php\/tienda\/\" class=\"wpr-menu-item wpr-pointer-item\">Tienda<\/a><\/li>\n<li class=\"menu-item menu-item-type-post_type menu-item-object-page menu-item-149\"><a href=\"https:\/\/santi.depimtajamar.es\/index.php\/carrito\/\" class=\"wpr-menu-item wpr-pointer-item\">Carrito<\/a><\/li>\n<li class=\"menu-item menu-item-type-post_type menu-item-object-page menu-item-611\"><a href=\"https:\/\/santi.depimtajamar.es\/index.php\/pago\/\" class=\"wpr-menu-item wpr-pointer-item\">Pago<\/a><\/li>\n<\/ul><\/nav><nav class=\"wpr-mobile-nav-menu-container\"><div class=\"wpr-mobile-toggle-wrap\"><div class=\"wpr-mobile-toggle\"><span class=\"wpr-mobile-toggle-line\"><\/span><span class=\"wpr-mobile-toggle-line\"><\/span><span class=\"wpr-mobile-toggle-line\"><\/span><\/div><\/div><ul id=\"mobile-menu-2-a9a5377\" class=\"wpr-mobile-nav-menu\"><li class=\"menu-item menu-item-type-post_type menu-item-object-page menu-item-home menu-item-244\"><a href=\"https:\/\/santi.depimtajamar.es\/\" class=\"wpr-mobile-menu-item\">Inicio<\/a><\/li>\n<li class=\"menu-item menu-item-type-post_type menu-item-object-page menu-item-128\"><a href=\"https:\/\/santi.depimtajamar.es\/index.php\/sobre-nosotros\/\" class=\"wpr-mobile-menu-item\">Sobre nosotros<\/a><\/li>\n<li class=\"menu-item menu-item-type-post_type menu-item-object-page menu-item-342\"><a href=\"https:\/\/santi.depimtajamar.es\/index.php\/contacto\/\" class=\"wpr-mobile-menu-item\">Contacto<\/a><\/li>\n<li class=\"menu-item menu-item-type-post_type menu-item-object-page menu-item-150\"><a href=\"https:\/\/santi.depimtajamar.es\/index.php\/tienda\/\" class=\"wpr-mobile-menu-item\">Tienda<\/a><\/li>\n<li class=\"menu-item menu-item-type-post_type menu-item-object-page menu-item-149\"><a href=\"https:\/\/santi.depimtajamar.es\/index.php\/carrito\/\" class=\"wpr-mobile-menu-item\">Carrito<\/a><\/li>\n<li class=\"menu-item menu-item-type-post_type menu-item-object-page menu-item-611\"><a href=\"https:\/\/santi.depimtajamar.es\/index.php\/pago\/\" class=\"wpr-mobile-menu-item\">Pago<\/a><\/li>\n<\/ul><\/nav>\t\t\t\t<\/div>\n\t\t\t\t<\/div>\n\t\t\t\t<\/div>\n\t\t<div class=\"elementor-element elementor-element-b2d74f9 e-flex e-con-boxed wpr-particle-no wpr-jarallax-no wpr-parallax-no wpr-sticky-section-no e-con e-parent\" data-id=\"b2d74f9\" data-element_type=\"container\" data-e-type=\"container\">\n\t\t\t\t\t<div class=\"e-con-inner\">\n\t\t\t\t<div class=\"elementor-element elementor-element-f78d081 elementor-widget elementor-widget-shortcode\" data-id=\"f78d081\" data-element_type=\"widget\" data-e-type=\"widget\" data-widget_type=\"shortcode.default\">\n\t\t\t\t\t\t\t<div class=\"elementor-shortcode\"><\/div>\n\t\t\t\t\t\t<\/div>\n\t\t\t\t\t<\/div>\n\t\t\t\t<\/div>\n\t\t<div class=\"elementor-element elementor-element-a7fda39 e-con-full e-flex wpr-particle-no wpr-jarallax-no wpr-parallax-no wpr-sticky-section-no e-con e-child\" data-id=\"a7fda39\" data-element_type=\"container\" data-e-type=\"container\" data-settings=\"{&quot;background_background&quot;:&quot;classic&quot;}\">\n\t\t<div class=\"elementor-element elementor-element-7588187 e-con-full e-flex wpr-particle-no wpr-jarallax-no wpr-parallax-no wpr-sticky-section-no e-con e-child\" data-id=\"7588187\" data-element_type=\"container\" data-e-type=\"container\">\n\t\t\t\t<\/div>\n\t\t<div class=\"elementor-element elementor-element-a45faa2 e-con-full e-flex wpr-particle-no wpr-jarallax-no wpr-parallax-no wpr-sticky-section-no e-con e-child\" data-id=\"a45faa2\" data-element_type=\"container\" data-e-type=\"container\">\n\t\t\t\t<div class=\"elementor-element elementor-element-9f1272d elementor-widget__width-initial elementor-widget elementor-widget-heading\" data-id=\"9f1272d\" data-element_type=\"widget\" data-e-type=\"widget\" data-widget_type=\"heading.default\">\n\t\t\t\t\t<h2 class=\"elementor-heading-title elementor-size-default\">Acerca de este sitio\n<\/h2>\t\t\t\t<\/div>\n\t\t\t\t<div class=\"elementor-element elementor-element-dbb4bac elementor-widget__width-initial elementor-widget elementor-widget-text-editor\" data-id=\"dbb4bac\" data-element_type=\"widget\" data-e-type=\"widget\" data-widget_type=\"text-editor.default\">\n\t\t\t\t\t\t\t\t\t<p style=\"text-align: left;\">Roca Viva selecciona y ofrece vinos del Priorat que expresan la fuerza del territorio, la singularidad de la pizarra y la esencia de una tradici\u00f3n vitivin\u00edcola \u00fanica, bajo la Denominaci\u00f3 d\u2019Origen Qualificada Priorat.<\/p>\t\t\t\t\t\t\t\t<\/div>\n\t\t\t\t<\/div>\n\t\t<div class=\"elementor-element elementor-element-b4b70ef e-con-full e-flex wpr-particle-no wpr-jarallax-no wpr-parallax-no wpr-sticky-section-no e-con e-child\" data-id=\"b4b70ef\" data-element_type=\"container\" data-e-type=\"container\">\n\t\t\t\t<div class=\"elementor-element elementor-element-cd7577e elementor-widget elementor-widget-heading\" data-id=\"cd7577e\" data-element_type=\"widget\" data-e-type=\"widget\" data-widget_type=\"heading.default\">\n\t\t\t\t\t<h2 class=\"elementor-heading-title elementor-size-default\">Cont\u00e1ctanos<\/h2>\t\t\t\t<\/div>\n\t\t\t\t<div class=\"elementor-element elementor-element-719cbfb elementor-widget elementor-widget-text-editor\" data-id=\"719cbfb\" data-element_type=\"widget\" data-e-type=\"widget\" data-widget_type=\"text-editor.default\">\n\t\t\t\t\t\t\t\t\t<p><strong>Direcci\u00f3n<\/strong><br \/><a tabindex=\"0\" href=\"https:\/\/www.google.com\/maps\/place\/\/data=!4m2!3m1!1s0x12a1318b89d6bf79:0x8223b12b94cb814f?sa=X&amp;ved=1t:8290&amp;ictx=111\" data-url=\"\/maps\/place\/\/data=!4m2!3m1!1s0x12a1318b89d6bf79:0x8223b12b94cb814f?sa=X&amp;ved=2ahUKEwjY5oSZ1YqSAxVGUqQEHWlbLjcQ4kB6BAgGEAA\">Cami Manyetes, s\/n, 43737 Gratallops, Tarragona<\/a><\/p><p><strong>Horas<\/strong><br \/>Lunes a viernes: de 7:00 a 18:00 h.<br \/>S\u00e1bado y domingo: de 11:00 a 17:00 h.<\/p><p><span style=\"letter-spacing: 0.16px;\"><b>Gmail<\/b><\/span><\/p><p>rocaviva@gmail.com<\/p>\t\t\t\t\t\t\t\t<\/div>\n\t\t\t\t<\/div>\n\t\t<div class=\"elementor-element elementor-element-cbff5f7 e-con-full e-flex wpr-particle-no wpr-jarallax-no wpr-parallax-no wpr-sticky-section-no e-con e-child\" data-id=\"cbff5f7\" data-element_type=\"container\" data-e-type=\"container\">\n\t\t\t\t<\/div>\n\t\t<div class=\"elementor-element elementor-element-22a8c5a e-con-full e-flex wpr-particle-no wpr-jarallax-no wpr-parallax-no wpr-sticky-section-no e-con e-child\" data-id=\"22a8c5a\" data-element_type=\"container\" data-e-type=\"container\">\n\t\t\t\t<\/div>\n\t\t\t\t<\/div>\n\t\t\t\t<\/div>\n\t\t","protected":false},"excerpt":{"rendered":"<p>Inicio Sobre nosotros Contacto Tienda Carrito Pago Inicio Sobre nosotros Contacto Tienda Carrito Pago Acerca de este sitio Roca Viva selecciona y ofrece vinos del Priorat que expresan la fuerza del territorio, la singularidad de la pizarra y la esencia de una tradici\u00f3n vitivin\u00edcola \u00fanica, bajo la Denominaci\u00f3 d\u2019Origen Qualificada Priorat. Cont\u00e1ctanos Direcci\u00f3nCami Manyetes, s\/n, 43737 Gratallops, Tarragona HorasLunes a viernes: de 7:00 a 18:00 h.S\u00e1bado y domingo: de 11:00 a 17:00 h. Gmail rocaviva@gmail.com<\/p>\n","protected":false},"author":1,"featured_media":0,"parent":0,"menu_order":0,"comment_status":"closed","ping_status":"closed","template":"elementor_canvas","meta":{"zakra_page_container_layout":"customizer","zakra_page_sidebar_layout":"customizer","zakra_remove_content_margin":false,"zakra_sidebar":"customizer","zakra_transparent_header":"customizer","zakra_logo":0,"zakra_main_header_style":"default","zakra_menu_item_color":"","zakra_menu_item_hover_color":"","zakra_menu_item_active_color":"","zakra_menu_active_style":"","zakra_page_header":true,"footnotes":""},"class_list":["post-146","page","type-page","status-publish","hentry"],"yoast_head":"<!-- This site is optimized with the Yoast SEO plugin v26.8 - https:\/\/yoast.com\/product\/yoast-seo-wordpress\/ -->\n<title>Carrito -<\/title>\n<meta name=\"robots\" content=\"index, follow, max-snippet:-1, max-image-preview:large, max-video-preview:-1\" \/>\n<link rel=\"canonical\" href=\"https:\/\/santi.depimtajamar.es\/index.php\/carrito\/\" \/>\n<meta property=\"og:locale\" content=\"es_ES\" \/>\n<meta property=\"og:type\" content=\"article\" \/>\n<meta property=\"og:title\" content=\"Carrito -\" \/>\n<meta property=\"og:description\" content=\"Inicio Sobre nosotros Contacto Tienda Carrito Pago Inicio Sobre nosotros Contacto Tienda Carrito Pago Acerca de este sitio Roca Viva selecciona y ofrece vinos del Priorat que expresan la fuerza del territorio, la singularidad de la pizarra y la esencia de una tradici\u00f3n vitivin\u00edcola \u00fanica, bajo la Denominaci\u00f3 d\u2019Origen Qualificada Priorat. Cont\u00e1ctanos Direcci\u00f3nCami Manyetes, s\/n, 43737 Gratallops, Tarragona HorasLunes a viernes: de 7:00 a 18:00 h.S\u00e1bado y domingo: de 11:00 a 17:00 h. Gmail rocaviva@gmail.com\" \/>\n<meta property=\"og:url\" content=\"https:\/\/santi.depimtajamar.es\/index.php\/carrito\/\" \/>\n<meta property=\"article:modified_time\" content=\"2026-02-23T12:03:39+00:00\" \/>\n<meta property=\"og:image\" content=\"http:\/\/santi.depimtajamar.es\/wp-content\/uploads\/2026\/01\/Sin-titulo-1-3-300x105.png\" \/>\n<meta name=\"twitter:card\" content=\"summary_large_image\" \/>\n<script type=\"application\/ld+json\" class=\"yoast-schema-graph\">{\"@context\":\"https:\/\/schema.org\",\"@graph\":[{\"@type\":\"WebPage\",\"@id\":\"https:\/\/santi.depimtajamar.es\/index.php\/carrito\/\",\"url\":\"https:\/\/santi.depimtajamar.es\/index.php\/carrito\/\",\"name\":\"Carrito -\",\"isPartOf\":{\"@id\":\"https:\/\/santi.depimtajamar.es\/#website\"},\"primaryImageOfPage\":{\"@id\":\"https:\/\/santi.depimtajamar.es\/index.php\/carrito\/#primaryimage\"},\"image\":{\"@id\":\"https:\/\/santi.depimtajamar.es\/index.php\/carrito\/#primaryimage\"},\"thumbnailUrl\":\"http:\/\/santi.depimtajamar.es\/wp-content\/uploads\/2026\/01\/Sin-titulo-1-3-300x105.png\",\"datePublished\":\"2026-01-26T12:08:07+00:00\",\"dateModified\":\"2026-02-23T12:03:39+00:00\",\"breadcrumb\":{\"@id\":\"https:\/\/santi.depimtajamar.es\/index.php\/carrito\/#breadcrumb\"},\"inLanguage\":\"es\",\"potentialAction\":[{\"@type\":\"ReadAction\",\"target\":[\"https:\/\/santi.depimtajamar.es\/index.php\/carrito\/\"]}]},{\"@type\":\"ImageObject\",\"inLanguage\":\"es\",\"@id\":\"https:\/\/santi.depimtajamar.es\/index.php\/carrito\/#primaryimage\",\"url\":\"https:\/\/santi.depimtajamar.es\/wp-content\/uploads\/2026\/01\/Sin-titulo-1-3-scaled.png\",\"contentUrl\":\"https:\/\/santi.depimtajamar.es\/wp-content\/uploads\/2026\/01\/Sin-titulo-1-3-scaled.png\",\"width\":2560,\"height\":896},{\"@type\":\"BreadcrumbList\",\"@id\":\"https:\/\/santi.depimtajamar.es\/index.php\/carrito\/#breadcrumb\",\"itemListElement\":[{\"@type\":\"ListItem\",\"position\":1,\"name\":\"Portada\",\"item\":\"https:\/\/santi.depimtajamar.es\/\"},{\"@type\":\"ListItem\",\"position\":2,\"name\":\"Carrito\"}]},{\"@type\":\"WebSite\",\"@id\":\"https:\/\/santi.depimtajamar.es\/#website\",\"url\":\"https:\/\/santi.depimtajamar.es\/\",\"name\":\"\",\"description\":\"\",\"potentialAction\":[{\"@type\":\"SearchAction\",\"target\":{\"@type\":\"EntryPoint\",\"urlTemplate\":\"https:\/\/santi.depimtajamar.es\/?s={search_term_string}\"},\"query-input\":{\"@type\":\"PropertyValueSpecification\",\"valueRequired\":true,\"valueName\":\"search_term_string\"}}],\"inLanguage\":\"es\"}]}<\/script>\n<!-- \/ Yoast SEO plugin. -->","yoast_head_json":{"title":"Carrito -","robots":{"index":"index","follow":"follow","max-snippet":"max-snippet:-1","max-image-preview":"max-image-preview:large","max-video-preview":"max-video-preview:-1"},"canonical":"https:\/\/santi.depimtajamar.es\/index.php\/carrito\/","og_locale":"es_ES","og_type":"article","og_title":"Carrito -","og_description":"Inicio Sobre nosotros Contacto Tienda Carrito Pago Inicio Sobre nosotros Contacto Tienda Carrito Pago Acerca de este sitio Roca Viva selecciona y ofrece vinos del Priorat que expresan la fuerza del territorio, la singularidad de la pizarra y la esencia de una tradici\u00f3n vitivin\u00edcola \u00fanica, bajo la Denominaci\u00f3 d\u2019Origen Qualificada Priorat. Cont\u00e1ctanos Direcci\u00f3nCami Manyetes, s\/n, 43737 Gratallops, Tarragona HorasLunes a viernes: de 7:00 a 18:00 h.S\u00e1bado y domingo: de 11:00 a 17:00 h. Gmail rocaviva@gmail.com","og_url":"https:\/\/santi.depimtajamar.es\/index.php\/carrito\/","article_modified_time":"2026-02-23T12:03:39+00:00","og_image":[{"url":"http:\/\/santi.depimtajamar.es\/wp-content\/uploads\/2026\/01\/Sin-titulo-1-3-300x105.png","type":"","width":"","height":""}],"twitter_card":"summary_large_image","schema":{"@context":"https:\/\/schema.org","@graph":[{"@type":"WebPage","@id":"https:\/\/santi.depimtajamar.es\/index.php\/carrito\/","url":"https:\/\/santi.depimtajamar.es\/index.php\/carrito\/","name":"Carrito -","isPartOf":{"@id":"https:\/\/santi.depimtajamar.es\/#website"},"primaryImageOfPage":{"@id":"https:\/\/santi.depimtajamar.es\/index.php\/carrito\/#primaryimage"},"image":{"@id":"https:\/\/santi.depimtajamar.es\/index.php\/carrito\/#primaryimage"},"thumbnailUrl":"http:\/\/santi.depimtajamar.es\/wp-content\/uploads\/2026\/01\/Sin-titulo-1-3-300x105.png","datePublished":"2026-01-26T12:08:07+00:00","dateModified":"2026-02-23T12:03:39+00:00","breadcrumb":{"@id":"https:\/\/santi.depimtajamar.es\/index.php\/carrito\/#breadcrumb"},"inLanguage":"es","potentialAction":[{"@type":"ReadAction","target":["https:\/\/santi.depimtajamar.es\/index.php\/carrito\/"]}]},{"@type":"ImageObject","inLanguage":"es","@id":"https:\/\/santi.depimtajamar.es\/index.php\/carrito\/#primaryimage","url":"https:\/\/santi.depimtajamar.es\/wp-content\/uploads\/2026\/01\/Sin-titulo-1-3-scaled.png","contentUrl":"https:\/\/santi.depimtajamar.es\/wp-content\/uploads\/2026\/01\/Sin-titulo-1-3-scaled.png","width":2560,"height":896},{"@type":"BreadcrumbList","@id":"https:\/\/santi.depimtajamar.es\/index.php\/carrito\/#breadcrumb","itemListElement":[{"@type":"ListItem","position":1,"name":"Portada","item":"https:\/\/santi.depimtajamar.es\/"},{"@type":"ListItem","position":2,"name":"Carrito"}]},{"@type":"WebSite","@id":"https:\/\/santi.depimtajamar.es\/#website","url":"https:\/\/santi.depimtajamar.es\/","name":"","description":"","potentialAction":[{"@type":"SearchAction","target":{"@type":"EntryPoint","urlTemplate":"https:\/\/santi.depimtajamar.es\/?s={search_term_string}"},"query-input":{"@type":"PropertyValueSpecification","valueRequired":true,"valueName":"search_term_string"}}],"inLanguage":"es"}]}},"jetpack_sharing_enabled":true,"_links":{"self":[{"href":"https:\/\/santi.depimtajamar.es\/index.php\/wp-json\/wp\/v2\/pages\/146","targetHints":{"allow":["GET"]}}],"collection":[{"href":"https:\/\/santi.depimtajamar.es\/index.php\/wp-json\/wp\/v2\/pages"}],"about":[{"href":"https:\/\/santi.depimtajamar.es\/index.php\/wp-json\/wp\/v2\/types\/page"}],"author":[{"embeddable":true,"href":"https:\/\/santi.depimtajamar.es\/index.php\/wp-json\/wp\/v2\/users\/1"}],"replies":[{"embeddable":true,"href":"https:\/\/santi.depimtajamar.es\/index.php\/wp-json\/wp\/v2\/comments?post=146"}],"version-history":[{"count":25,"href":"https:\/\/santi.depimtajamar.es\/index.php\/wp-json\/wp\/v2\/pages\/146\/revisions"}],"predecessor-version":[{"id":640,"href":"https:\/\/santi.depimtajamar.es\/index.php\/wp-json\/wp\/v2\/pages\/146\/revisions\/640"}],"wp:attachment":[{"href":"https:\/\/santi.depimtajamar.es\/index.php\/wp-json\/wp\/v2\/media?parent=146"}],"curies":[{"name":"wp","href":"https:\/\/api.w.org\/{rel}","templated":true}]}}