{"id":516,"date":"2026-01-28T18:33:27","date_gmt":"2026-01-28T17:33:27","guid":{"rendered":"https:\/\/santi.depimtajamar.es\/?post_type=product&#038;p=516"},"modified":"2026-01-28T18:37:26","modified_gmt":"2026-01-28T17:37:26","slug":"papoyoqueso-curado-de-oveja","status":"publish","type":"product","link":"https:\/\/santi.depimtajamar.es\/index.php\/producto\/papoyoqueso-curado-de-oveja\/","title":{"rendered":"PAPOYO,QUESO CURADO DE OVEJA"},"content":{"rendered":"<p>Queso de leche entera de coagulaci\u00f3n enzim\u00e1tica, con una maduraci\u00f3n m\u00ednima de 105 d\u00edas, embadurnado con manteca ib\u00e9rica derretida y salvado de trigo, permaneciendo en bodega otros 80 d\u00edas m\u00e1s. Sabor picante muy leve, pero con paladar sabroso muy especial aportado por el salvado de trigo.<\/p>\n<p>Al\u00e9rgenos: leche, huevo<\/p>\n<p>&nbsp;<\/p>\n<p>Premios:<\/p>\n<table width=\"556\">\n<tbody>\n<tr>\n<td width=\"80\">2024<\/td>\n<td width=\"370\">WORLD CHEESE AWARDS<\/td>\n<td width=\"55\">BRONCE<\/td>\n<\/tr>\n<tr>\n<td width=\"80\">2022<\/td>\n<td width=\"370\">CONCOURS INTERNATIONAL DE LYON<\/td>\n<td width=\"55\">PLATA<\/td>\n<\/tr>\n<tr>\n<td width=\"80\">2019<\/td>\n<td width=\"370\">CONCURSO ANDALUZ QUESIERRA<\/td>\n<td width=\"55\">ORO<\/td>\n<\/tr>\n<tr>\n<td>2019<\/td>\n<td>WORLD CHEESE AWARDS<\/td>\n<td>ORO<\/td>\n<\/tr>\n<tr>\n<td>2018<\/td>\n<td>CONCURSO REGIONAL QUESOS ARTESANOS VILLALUENGA<\/td>\n<td>ORO<\/td>\n<\/tr>\n<tr>\n<td>2018<\/td>\n<td>WORLD CHEESE AWARDS<\/td>\n<td>PLATA<\/td>\n<\/tr>\n<tr>\n<td>2016<\/td>\n<td>WORLD CHEESE AWARDS<\/td>\n<td>PLATA<\/td>\n<\/tr>\n<tr>\n<td>2015<\/td>\n<td>WORLD CHEESE AWARDS<\/td>\n<td>BRONCE<\/td>\n<\/tr>\n<tr>\n<td>2014<\/td>\n<td>CONCURSO DE QUESO ARTESANO VILLA DE TEBA<\/td>\n<td>PLATA<\/td>\n<\/tr>\n<tr>\n<td>2014<\/td>\n<td>WORLD CHEESE AWARDS<\/td>\n<td>SUPER ORO<\/td>\n<\/tr>\n<tr>\n<td>2013<\/td>\n<td>WORLD CHEESE AWARDS<\/td>\n<td>BRONCE<\/td>\n<\/tr>\n<\/tbody>\n<\/table>\n","protected":false},"excerpt":{"rendered":"<p>Queso de leche entera de coagulaci\u00f3n enzim\u00e1tica, con una maduraci\u00f3n m\u00ednima de 105 d\u00edas, embadurnado con manteca ib\u00e9rica derretida y salvado de trigo, permaneciendo en bodega otros 80 d\u00edas m\u00e1s. Sabor picante muy leve, pero con paladar sabroso muy especial aportado por el salvado de trigo. Al\u00e9rgenos: leche, huevo &nbsp; Premios: 2024 WORLD CHEESE AWARDS BRONCE 2022 CONCOURS INTERNATIONAL DE LYON PLATA 2019 CONCURSO ANDALUZ QUESIERRA ORO 2019 WORLD CHEESE AWARDS ORO 2018 CONCURSO REGIONAL QUESOS ARTESANOS VILLALUENGA ORO 2018 WORLD CHEESE AWARDS PLATA 2016 WORLD CHEESE AWARDS PLATA 2015 WORLD CHEESE AWARDS BRONCE 2014 CONCURSO DE QUESO ARTESANO VILLA DE TEBA PLATA 2014 WORLD CHEESE AWARDS SUPER ORO 2013 WORLD CHEESE AWARDS BRONCE<\/p>\n","protected":false},"featured_media":517,"comment_status":"open","ping_status":"closed","template":"","meta":{"zakra_page_container_layout":"customizer","zakra_page_sidebar_layout":"customizer","zakra_remove_content_margin":false,"zakra_sidebar":"customizer","zakra_transparent_header":"customizer","zakra_logo":0,"zakra_main_header_style":"default","zakra_menu_item_color":"","zakra_menu_item_hover_color":"","zakra_menu_item_active_color":"","zakra_menu_active_style":"","zakra_page_header":true},"product_brand":[],"product_cat":[],"product_tag":[],"class_list":{"0":"post-516","1":"product","2":"type-product","3":"status-publish","4":"has-post-thumbnail","7":"first","8":"instock","9":"shipping-taxable","10":"purchasable","11":"product-type-simple"},"yoast_head":"<!-- This site is optimized with the Yoast SEO plugin v26.8 - https:\/\/yoast.com\/product\/yoast-seo-wordpress\/ -->\n<title>PAPOYO,QUESO CURADO DE OVEJA -<\/title>\n<meta name=\"robots\" content=\"index, follow, max-snippet:-1, max-image-preview:large, max-video-preview:-1\" \/>\n<link rel=\"canonical\" href=\"https:\/\/santi.depimtajamar.es\/index.php\/producto\/papoyoqueso-curado-de-oveja\/\" \/>\n<meta property=\"og:locale\" content=\"es_ES\" \/>\n<meta property=\"og:type\" content=\"article\" \/>\n<meta property=\"og:title\" content=\"PAPOYO,QUESO CURADO DE OVEJA -\" \/>\n<meta property=\"og:description\" content=\"Queso de leche entera de coagulaci\u00f3n enzim\u00e1tica, con una maduraci\u00f3n m\u00ednima de 105 d\u00edas, embadurnado con manteca ib\u00e9rica derretida y salvado de trigo, permaneciendo en bodega otros 80 d\u00edas m\u00e1s. Sabor picante muy leve, pero con paladar sabroso muy especial aportado por el salvado de trigo. Al\u00e9rgenos: leche, huevo &nbsp; Premios: 2024 WORLD CHEESE AWARDS BRONCE 2022 CONCOURS INTERNATIONAL DE LYON PLATA 2019 CONCURSO ANDALUZ QUESIERRA ORO 2019 WORLD CHEESE AWARDS ORO 2018 CONCURSO REGIONAL QUESOS ARTESANOS VILLALUENGA ORO 2018 WORLD CHEESE AWARDS PLATA 2016 WORLD CHEESE AWARDS PLATA 2015 WORLD CHEESE AWARDS BRONCE 2014 CONCURSO DE QUESO ARTESANO VILLA DE TEBA PLATA 2014 WORLD CHEESE AWARDS SUPER ORO 2013 WORLD CHEESE AWARDS BRONCE\" \/>\n<meta property=\"og:url\" content=\"https:\/\/santi.depimtajamar.es\/index.php\/producto\/papoyoqueso-curado-de-oveja\/\" \/>\n<meta property=\"article:modified_time\" content=\"2026-01-28T17:37:26+00:00\" \/>\n<meta property=\"og:image\" content=\"https:\/\/santi.depimtajamar.es\/wp-content\/uploads\/2026\/01\/Curado-de-oveja-Trigo-scaled.jpg\" \/>\n\t<meta property=\"og:image:width\" content=\"2560\" \/>\n\t<meta property=\"og:image:height\" content=\"1707\" \/>\n\t<meta property=\"og:image:type\" content=\"image\/jpeg\" \/>\n<meta name=\"twitter:card\" content=\"summary_large_image\" \/>\n<meta name=\"twitter:label1\" content=\"Tiempo de lectura\" \/>\n\t<meta name=\"twitter:data1\" content=\"1 minuto\" \/>\n<script type=\"application\/ld+json\" class=\"yoast-schema-graph\">{\"@context\":\"https:\/\/schema.org\",\"@graph\":[{\"@type\":\"WebPage\",\"@id\":\"https:\/\/santi.depimtajamar.es\/index.php\/producto\/papoyoqueso-curado-de-oveja\/\",\"url\":\"https:\/\/santi.depimtajamar.es\/index.php\/producto\/papoyoqueso-curado-de-oveja\/\",\"name\":\"PAPOYO,QUESO CURADO DE OVEJA -\",\"isPartOf\":{\"@id\":\"https:\/\/santi.depimtajamar.es\/#website\"},\"primaryImageOfPage\":{\"@id\":\"https:\/\/santi.depimtajamar.es\/index.php\/producto\/papoyoqueso-curado-de-oveja\/#primaryimage\"},\"image\":{\"@id\":\"https:\/\/santi.depimtajamar.es\/index.php\/producto\/papoyoqueso-curado-de-oveja\/#primaryimage\"},\"thumbnailUrl\":\"https:\/\/santi.depimtajamar.es\/wp-content\/uploads\/2026\/01\/Curado-de-oveja-Trigo-scaled.jpg\",\"datePublished\":\"2026-01-28T17:33:27+00:00\",\"dateModified\":\"2026-01-28T17:37:26+00:00\",\"breadcrumb\":{\"@id\":\"https:\/\/santi.depimtajamar.es\/index.php\/producto\/papoyoqueso-curado-de-oveja\/#breadcrumb\"},\"inLanguage\":\"es\",\"potentialAction\":[{\"@type\":\"ReadAction\",\"target\":[\"https:\/\/santi.depimtajamar.es\/index.php\/producto\/papoyoqueso-curado-de-oveja\/\"]}]},{\"@type\":\"ImageObject\",\"inLanguage\":\"es\",\"@id\":\"https:\/\/santi.depimtajamar.es\/index.php\/producto\/papoyoqueso-curado-de-oveja\/#primaryimage\",\"url\":\"https:\/\/santi.depimtajamar.es\/wp-content\/uploads\/2026\/01\/Curado-de-oveja-Trigo-scaled.jpg\",\"contentUrl\":\"https:\/\/santi.depimtajamar.es\/wp-content\/uploads\/2026\/01\/Curado-de-oveja-Trigo-scaled.jpg\",\"width\":2560,\"height\":1707},{\"@type\":\"BreadcrumbList\",\"@id\":\"https:\/\/santi.depimtajamar.es\/index.php\/producto\/papoyoqueso-curado-de-oveja\/#breadcrumb\",\"itemListElement\":[{\"@type\":\"ListItem\",\"position\":1,\"name\":\"Portada\",\"item\":\"https:\/\/santi.depimtajamar.es\/\"},{\"@type\":\"ListItem\",\"position\":2,\"name\":\"Productos\",\"item\":\"https:\/\/santi.depimtajamar.es\/index.php\/shop\/\"},{\"@type\":\"ListItem\",\"position\":3,\"name\":\"PAPOYO,QUESO CURADO DE OVEJA\"}]},{\"@type\":\"WebSite\",\"@id\":\"https:\/\/santi.depimtajamar.es\/#website\",\"url\":\"https:\/\/santi.depimtajamar.es\/\",\"name\":\"\",\"description\":\"\",\"potentialAction\":[{\"@type\":\"SearchAction\",\"target\":{\"@type\":\"EntryPoint\",\"urlTemplate\":\"https:\/\/santi.depimtajamar.es\/?s={search_term_string}\"},\"query-input\":{\"@type\":\"PropertyValueSpecification\",\"valueRequired\":true,\"valueName\":\"search_term_string\"}}],\"inLanguage\":\"es\"}]}<\/script>\n<!-- \/ Yoast SEO plugin. -->","yoast_head_json":{"title":"PAPOYO,QUESO CURADO DE OVEJA -","robots":{"index":"index","follow":"follow","max-snippet":"max-snippet:-1","max-image-preview":"max-image-preview:large","max-video-preview":"max-video-preview:-1"},"canonical":"https:\/\/santi.depimtajamar.es\/index.php\/producto\/papoyoqueso-curado-de-oveja\/","og_locale":"es_ES","og_type":"article","og_title":"PAPOYO,QUESO CURADO DE OVEJA -","og_description":"Queso de leche entera de coagulaci\u00f3n enzim\u00e1tica, con una maduraci\u00f3n m\u00ednima de 105 d\u00edas, embadurnado con manteca ib\u00e9rica derretida y salvado de trigo, permaneciendo en bodega otros 80 d\u00edas m\u00e1s. Sabor picante muy leve, pero con paladar sabroso muy especial aportado por el salvado de trigo. Al\u00e9rgenos: leche, huevo &nbsp; Premios: 2024 WORLD CHEESE AWARDS BRONCE 2022 CONCOURS INTERNATIONAL DE LYON PLATA 2019 CONCURSO ANDALUZ QUESIERRA ORO 2019 WORLD CHEESE AWARDS ORO 2018 CONCURSO REGIONAL QUESOS ARTESANOS VILLALUENGA ORO 2018 WORLD CHEESE AWARDS PLATA 2016 WORLD CHEESE AWARDS PLATA 2015 WORLD CHEESE AWARDS BRONCE 2014 CONCURSO DE QUESO ARTESANO VILLA DE TEBA PLATA 2014 WORLD CHEESE AWARDS SUPER ORO 2013 WORLD CHEESE AWARDS BRONCE","og_url":"https:\/\/santi.depimtajamar.es\/index.php\/producto\/papoyoqueso-curado-de-oveja\/","article_modified_time":"2026-01-28T17:37:26+00:00","og_image":[{"width":2560,"height":1707,"url":"https:\/\/santi.depimtajamar.es\/wp-content\/uploads\/2026\/01\/Curado-de-oveja-Trigo-scaled.jpg","type":"image\/jpeg"}],"twitter_card":"summary_large_image","twitter_misc":{"Tiempo de lectura":"1 minuto"},"schema":{"@context":"https:\/\/schema.org","@graph":[{"@type":"WebPage","@id":"https:\/\/santi.depimtajamar.es\/index.php\/producto\/papoyoqueso-curado-de-oveja\/","url":"https:\/\/santi.depimtajamar.es\/index.php\/producto\/papoyoqueso-curado-de-oveja\/","name":"PAPOYO,QUESO CURADO DE OVEJA -","isPartOf":{"@id":"https:\/\/santi.depimtajamar.es\/#website"},"primaryImageOfPage":{"@id":"https:\/\/santi.depimtajamar.es\/index.php\/producto\/papoyoqueso-curado-de-oveja\/#primaryimage"},"image":{"@id":"https:\/\/santi.depimtajamar.es\/index.php\/producto\/papoyoqueso-curado-de-oveja\/#primaryimage"},"thumbnailUrl":"https:\/\/santi.depimtajamar.es\/wp-content\/uploads\/2026\/01\/Curado-de-oveja-Trigo-scaled.jpg","datePublished":"2026-01-28T17:33:27+00:00","dateModified":"2026-01-28T17:37:26+00:00","breadcrumb":{"@id":"https:\/\/santi.depimtajamar.es\/index.php\/producto\/papoyoqueso-curado-de-oveja\/#breadcrumb"},"inLanguage":"es","potentialAction":[{"@type":"ReadAction","target":["https:\/\/santi.depimtajamar.es\/index.php\/producto\/papoyoqueso-curado-de-oveja\/"]}]},{"@type":"ImageObject","inLanguage":"es","@id":"https:\/\/santi.depimtajamar.es\/index.php\/producto\/papoyoqueso-curado-de-oveja\/#primaryimage","url":"https:\/\/santi.depimtajamar.es\/wp-content\/uploads\/2026\/01\/Curado-de-oveja-Trigo-scaled.jpg","contentUrl":"https:\/\/santi.depimtajamar.es\/wp-content\/uploads\/2026\/01\/Curado-de-oveja-Trigo-scaled.jpg","width":2560,"height":1707},{"@type":"BreadcrumbList","@id":"https:\/\/santi.depimtajamar.es\/index.php\/producto\/papoyoqueso-curado-de-oveja\/#breadcrumb","itemListElement":[{"@type":"ListItem","position":1,"name":"Portada","item":"https:\/\/santi.depimtajamar.es\/"},{"@type":"ListItem","position":2,"name":"Productos","item":"https:\/\/santi.depimtajamar.es\/index.php\/shop\/"},{"@type":"ListItem","position":3,"name":"PAPOYO,QUESO CURADO DE OVEJA"}]},{"@type":"WebSite","@id":"https:\/\/santi.depimtajamar.es\/#website","url":"https:\/\/santi.depimtajamar.es\/","name":"","description":"","potentialAction":[{"@type":"SearchAction","target":{"@type":"EntryPoint","urlTemplate":"https:\/\/santi.depimtajamar.es\/?s={search_term_string}"},"query-input":{"@type":"PropertyValueSpecification","valueRequired":true,"valueName":"search_term_string"}}],"inLanguage":"es"}]}},"jetpack_sharing_enabled":true,"_links":{"self":[{"href":"https:\/\/santi.depimtajamar.es\/index.php\/wp-json\/wp\/v2\/product\/516","targetHints":{"allow":["GET"]}}],"collection":[{"href":"https:\/\/santi.depimtajamar.es\/index.php\/wp-json\/wp\/v2\/product"}],"about":[{"href":"https:\/\/santi.depimtajamar.es\/index.php\/wp-json\/wp\/v2\/types\/product"}],"replies":[{"embeddable":true,"href":"https:\/\/santi.depimtajamar.es\/index.php\/wp-json\/wp\/v2\/comments?post=516"}],"wp:featuredmedia":[{"embeddable":true,"href":"https:\/\/santi.depimtajamar.es\/index.php\/wp-json\/wp\/v2\/media\/517"}],"wp:attachment":[{"href":"https:\/\/santi.depimtajamar.es\/index.php\/wp-json\/wp\/v2\/media?parent=516"}],"wp:term":[{"taxonomy":"product_brand","embeddable":true,"href":"https:\/\/santi.depimtajamar.es\/index.php\/wp-json\/wp\/v2\/product_brand?post=516"},{"taxonomy":"product_cat","embeddable":true,"href":"https:\/\/santi.depimtajamar.es\/index.php\/wp-json\/wp\/v2\/product_cat?post=516"},{"taxonomy":"product_tag","embeddable":true,"href":"https:\/\/santi.depimtajamar.es\/index.php\/wp-json\/wp\/v2\/product_tag?post=516"}],"curies":[{"name":"wp","href":"https:\/\/api.w.org\/{rel}","templated":true}]}}